{"id":1023,"date":"2024-02-04T05:47:17","date_gmt":"2024-02-04T05:47:17","guid":{"rendered":"https:\/\/cividesk.com\/?page_id=1023"},"modified":"2024-02-05T03:12:19","modified_gmt":"2024-02-05T03:12:19","slug":"service-plan","status":"publish","type":"page","link":"https:\/\/cividesk.com\/fr\/service-plan\/","title":{"rendered":"Abonnement"},"content":{"rendered":"<div data-elementor-type=\"wp-page\" data-elementor-id=\"1023\" class=\"elementor elementor-1023\" data-elementor-post-type=\"page\">\n\t\t\t\t\t\t<section class=\"elementor-section elementor-top-section elementor-element elementor-element-951fcaf elementor-section-boxed elementor-section-height-default elementor-section-height-default\" data-id=\"951fcaf\" data-element_type=\"section\" data-settings=\"{&quot;background_background&quot;:&quot;classic&quot;}\">\n\t\t\t\t\t\t\t<div class=\"elementor-background-overlay\"><\/div>\n\t\t\t\t\t\t\t<div class=\"elementor-container elementor-column-gap-default\">\n\t\t\t\t\t<div class=\"elementor-column elementor-col-100 elementor-top-column elementor-element elementor-element-610b347\" data-id=\"610b347\" data-element_type=\"column\">\n\t\t\t<div class=\"elementor-widget-wrap elementor-element-populated\">\n\t\t\t\t\t\t<div class=\"elementor-element elementor-element-fdda9e1 elementor-invisible elementor-widget elementor-widget-heading\" data-id=\"fdda9e1\" data-element_type=\"widget\" data-settings=\"{&quot;_animation&quot;:&quot;fadeIn&quot;,&quot;_animation_delay&quot;:200}\" data-widget_type=\"heading.default\">\n\t\t\t\t<div class=\"elementor-widget-container\">\n\t\t\t\t\t<h1 class=\"elementor-heading-title elementor-size-default\">Abonnement<\/h1>\t\t\t\t<\/div>\n\t\t\t\t<\/div>\n\t\t\t\t<div class=\"elementor-element elementor-element-fa390c3 elementor-widget elementor-widget-text-editor\" data-id=\"fa390c3\" data-element_type=\"widget\" data-widget_type=\"text-editor.default\">\n\t\t\t\t<div class=\"elementor-widget-container\">\n\t\t\t\t\t\t\t\t\t<h4 style=\"text-align: center;\"><span style=\"color: #ffffff;\">Un forfait mensuel qui prend en charge tous vos besoins CiviCRM<\/span><\/h4>\t\t\t\t\t\t\t\t<\/div>\n\t\t\t\t<\/div>\n\t\t\t\t\t<\/div>\n\t\t<\/div>\n\t\t\t\t\t<\/div>\n\t\t<\/section>\n\t\t\t\t<section class=\"elementor-section elementor-top-section elementor-element elementor-element-8ad5838 elementor-section-boxed elementor-section-height-default elementor-section-height-default\" data-id=\"8ad5838\" data-element_type=\"section\" data-settings=\"{&quot;background_background&quot;:&quot;classic&quot;}\">\n\t\t\t\t\t\t\t<div class=\"elementor-background-overlay\"><\/div>\n\t\t\t\t\t\t\t<div class=\"elementor-container elementor-column-gap-default\">\n\t\t\t\t\t<div class=\"elementor-column elementor-col-100 elementor-top-column elementor-element elementor-element-0dac9fe\" data-id=\"0dac9fe\" data-element_type=\"column\">\n\t\t\t<div class=\"elementor-widget-wrap elementor-element-populated\">\n\t\t\t\t\t\t<section class=\"elementor-section elementor-inner-section elementor-element elementor-element-3f33fbb0 elementor-section-boxed elementor-section-height-default elementor-section-height-default\" data-id=\"3f33fbb0\" data-element_type=\"section\">\n\t\t\t\t\t\t<div class=\"elementor-container elementor-column-gap-default\">\n\t\t\t\t\t<div class=\"elementor-column elementor-col-33 elementor-inner-column elementor-element elementor-element-7d585730 elementor-invisible\" data-id=\"7d585730\" data-element_type=\"column\" data-settings=\"{&quot;background_background&quot;:&quot;classic&quot;,&quot;animation&quot;:&quot;fadeInUp&quot;,&quot;animation_delay&quot;:400}\">\n\t\t\t<div class=\"elementor-widget-wrap elementor-element-populated\">\n\t\t\t\t\t\t<div class=\"elementor-element elementor-element-54b13b98 elementor-position-top elementor-widget elementor-widget-image-box\" data-id=\"54b13b98\" data-element_type=\"widget\" data-widget_type=\"image-box.default\">\n\t\t\t\t<div class=\"elementor-widget-container\">\n\t\t\t\t\t<div class=\"elementor-image-box-wrapper\"><figure class=\"elementor-image-box-img\"><img decoding=\"async\" src=\"https:\/\/cividesk.com\/wp-content\/uploads\/elementor\/thumbs\/cloud-qih7fc2bh3oflevvnn12ko68un1115iljfhlxde7sw.png\" title=\"nuage.png\" alt=\"cloud.png\" loading=\"lazy\" \/><\/figure><div class=\"elementor-image-box-content\"><h4 class=\"elementor-image-box-title\">CiviCRM et h\u00e9bergement site Web<\/h4><p class=\"elementor-image-box-description\">Notre environnement d'h\u00e9bergement est sp\u00e9cifiquement optimis\u00e9 pour CiviCRM en termes de disponibilit\u00e9, de s\u00e9curit\u00e9, de performances et d'\u00e9volutivit\u00e9. Notre service d'h\u00e9bergement est disponible sur des serveurs mutualis\u00e9s et sur des serveurs d\u00e9di\u00e9s, c'est \u00e0 dire avec des ressources d\u00e9di\u00e9es allou\u00e9es \u00e0 votre organisation.<br>Notre infrastructure est con\u00e7ue pour \u00e9voluer tr\u00e8s rapidement verticalement ou horizontalement afin de r\u00e9pondre aux pics de trafic saisonniers du site Web et des sauvegardes de CiviCRM et de votre site Web sont effectu\u00e9es quotidiennement. Vous pouvez \u00e9galement b\u00e9n\u00e9ficier d&#039;un site de d\u00e9veloppement si besoin.<\/p><\/div><\/div>\t\t\t\t<\/div>\n\t\t\t\t<\/div>\n\t\t\t\t\t<\/div>\n\t\t<\/div>\n\t\t\t\t<div class=\"elementor-column elementor-col-33 elementor-inner-column elementor-element elementor-element-69b5745a elementor-invisible\" data-id=\"69b5745a\" data-element_type=\"column\" data-settings=\"{&quot;background_background&quot;:&quot;classic&quot;,&quot;animation&quot;:&quot;fadeInUp&quot;,&quot;animation_delay&quot;:200}\">\n\t\t\t<div class=\"elementor-widget-wrap elementor-element-populated\">\n\t\t\t\t\t\t<div class=\"elementor-element elementor-element-7f9e0b6f elementor-position-top elementor-widget elementor-widget-image-box\" data-id=\"7f9e0b6f\" data-element_type=\"widget\" data-widget_type=\"image-box.default\">\n\t\t\t\t<div class=\"elementor-widget-container\">\n\t\t\t\t\t<div class=\"elementor-image-box-wrapper\"><figure class=\"elementor-image-box-img\"><img decoding=\"async\" src=\"https:\/\/cividesk.com\/wp-content\/uploads\/elementor\/thumbs\/social-media-qih7fd05nxppx0uii5fp55xpg0we8umbvk53enctmo.png\" title=\"r\u00e9seaux sociaux.png\" alt=\"social-media.png\" loading=\"lazy\" \/><\/figure><div class=\"elementor-image-box-content\"><h4 class=\"elementor-image-box-title\">Mises \u00e0 niveau de CiviCRM et de votre CMS<\/h4><p class=\"elementor-image-box-description\">Votre site Web a besoin d\u2019une maintenance r\u00e9guli\u00e8re pour fonctionner comme il se doit et pour rester fiable, s\u00e9curis\u00e9 et compatible avec CiviCRM.<\/br> Nous effectuons une maintenance continue de votre site Internet avec l'installation des mises \u00e0 jour de s\u00e9curit\u00e9 et des mises \u00e0 jour focntionnelles de vos modules ou plugins CMS sans que vous ayez \u00e0 nous le demander. <\/br>Nous installons \u00e9galement les mises \u00e0 jour de s\u00e9curit\u00e9 de CiviCRM lorsqu&#039;elles sont disponibles ainsi que les nouvelles versions de CiviCRM. Ce service garantit que votre plateforme reste fiable et s\u00e9curis\u00e9e.<\/p><\/div><\/div>\t\t\t\t<\/div>\n\t\t\t\t<\/div>\n\t\t\t\t\t<\/div>\n\t\t<\/div>\n\t\t\t\t<div class=\"elementor-column elementor-col-33 elementor-inner-column elementor-element elementor-element-c447007 elementor-invisible\" data-id=\"c447007\" data-element_type=\"column\" data-settings=\"{&quot;background_background&quot;:&quot;classic&quot;,&quot;animation&quot;:&quot;fadeInUp&quot;,&quot;animation_delay&quot;:600}\">\n\t\t\t<div class=\"elementor-widget-wrap elementor-element-populated\">\n\t\t\t\t\t\t<div class=\"elementor-element elementor-element-20e75571 elementor-position-top elementor-widget elementor-widget-image-box\" data-id=\"20e75571\" data-element_type=\"widget\" data-widget_type=\"image-box.default\">\n\t\t\t\t<div class=\"elementor-widget-container\">\n\t\t\t\t\t<div class=\"elementor-image-box-wrapper\"><figure class=\"elementor-image-box-img\"><img decoding=\"async\" src=\"https:\/\/cividesk.com\/wp-content\/uploads\/elementor\/thumbs\/phone-call-qih7fkiv6m00hwjla8opp41e73vbyfg6klcz8v1o8w.png\" title=\"appel-t\u00e9l\u00e9phonique.png\" alt=\"phone-call.png\" loading=\"lazy\" \/><\/figure><div class=\"elementor-image-box-content\"><h4 class=\"elementor-image-box-title\">Assistance client illimit\u00e9e<\/h4><p class=\"elementor-image-box-description\">Nous fournissons un support technique illimit\u00e9 \u00e0 vos utilisateurs sans limitation du nombre de tickets que vous pouvez ouvrir ou du temps que nous y consacrons. Notre \u00e9quipe d&#039;assistance travaille avec CiviCRM depuis de nombreuses ann\u00e9es et est disponible par t\u00e9l\u00e9phone, e-mail et via notre syst\u00e8me de ticketing accessible directement dans CiviCRM. <\/br>Vous pouvez ouvrir un nouveau ticket, mettre \u00e0 jour un ticket existant ou parcourir les tickets cl\u00f4tur\u00e9s.<\/br>Nous partageons des sessions d&#039;\u00e9cran avec vos utilisateurs et au lieu de longues explications \u00e9crites, nous incluons tr\u00e8s souvent une courte vid\u00e9o dans le ticket.<\/p><\/div><\/div>\t\t\t\t<\/div>\n\t\t\t\t<\/div>\n\t\t\t\t\t<\/div>\n\t\t<\/div>\n\t\t\t\t\t<\/div>\n\t\t<\/section>\n\t\t\t\t<section class=\"elementor-section elementor-inner-section elementor-element elementor-element-61e6f659 elementor-section-boxed elementor-section-height-default elementor-section-height-default\" data-id=\"61e6f659\" data-element_type=\"section\">\n\t\t\t\t\t\t<div class=\"elementor-container elementor-column-gap-default\">\n\t\t\t\t\t<div class=\"elementor-column elementor-col-33 elementor-inner-column elementor-element elementor-element-3bbdad26 elementor-invisible\" data-id=\"3bbdad26\" data-element_type=\"column\" data-settings=\"{&quot;background_background&quot;:&quot;classic&quot;,&quot;animation&quot;:&quot;fadeInUp&quot;,&quot;animation_delay&quot;:400}\">\n\t\t\t<div class=\"elementor-widget-wrap elementor-element-populated\">\n\t\t\t\t\t\t<div class=\"elementor-element elementor-element-4051c0a elementor-position-top elementor-widget elementor-widget-image-box\" data-id=\"4051c0a\" data-element_type=\"widget\" data-widget_type=\"image-box.default\">\n\t\t\t\t<div class=\"elementor-widget-container\">\n\t\t\t\t\t<div class=\"elementor-image-box-wrapper\"><figure class=\"elementor-image-box-img\"><img decoding=\"async\" src=\"https:\/\/cividesk.com\/wp-content\/uploads\/elementor\/thumbs\/mail-qih7fc2bh3oflevvnn12ko68un1115iljfhlxde7sw.png\" title=\"courrier.png\" alt=\"mail.png\" loading=\"lazy\" \/><\/figure><div class=\"elementor-image-box-content\"><h4 class=\"elementor-image-box-title\">Service de courriel<\/h4><p class=\"elementor-image-box-description\">L'envoi de courriels avec CiviCRM n\u00e9cessite l'utilisation d'un service d'envoi externe pour g\u00e9rer votre r\u00e9putation en ligne et \u00e9viter la mise sur liste noire. <\/br>Un tel service de messagerie professionnel fournit une infrastructure de livraison de courrier \u00e9lectronique robuste pour des taux de d\u00e9livrabilit\u00e9 accrus, une surveillance de la r\u00e9putation et des outils avanc\u00e9s de suivi et de statistiques. Nous configurons votre compte aupr\u00e8s de ce prestataire incluant la configuration des enregistrements SPF, DKIM, DMARC et des canaux de retour pour le traitement des rebonds et des demandes de d\u00e9sabonnement.\n<\/p><\/div><\/div>\t\t\t\t<\/div>\n\t\t\t\t<\/div>\n\t\t\t\t\t<\/div>\n\t\t<\/div>\n\t\t\t\t<div class=\"elementor-column elementor-col-33 elementor-inner-column elementor-element elementor-element-7cb22bee elementor-invisible\" data-id=\"7cb22bee\" data-element_type=\"column\" data-settings=\"{&quot;background_background&quot;:&quot;classic&quot;,&quot;animation&quot;:&quot;fadeInUp&quot;,&quot;animation_delay&quot;:200}\">\n\t\t\t<div class=\"elementor-widget-wrap elementor-element-populated\">\n\t\t\t\t\t\t<div class=\"elementor-element elementor-element-2d7f60bb elementor-position-top elementor-widget elementor-widget-image-box\" data-id=\"2d7f60bb\" data-element_type=\"widget\" data-widget_type=\"image-box.default\">\n\t\t\t\t<div class=\"elementor-widget-container\">\n\t\t\t\t\t<div class=\"elementor-image-box-wrapper\"><figure class=\"elementor-image-box-img\"><img decoding=\"async\" src=\"https:\/\/cividesk.com\/wp-content\/uploads\/elementor\/thumbs\/presentation-qih7f2nxkrbkdb9j6iysvqjmwsbcw6ha64yr4ls5j4.png\" title=\"pr\u00e9sentation.png\" alt=\"presentation.png\" loading=\"lazy\" \/><\/figure><div class=\"elementor-image-box-content\"><h4 class=\"elementor-image-box-title\">Mentorat<\/h4><p class=\"elementor-image-box-description\">Nous nous engageons pour votre r\u00e9ussite.<\/br>Poru cela, nous restons en contact r\u00e9gulier avec vos utilisateurs pour discuter de tout changement de configuration ou de tout travail suppl\u00e9mentaire qui pourrait \u00eatre n\u00e9cessaire pour maximiser le potentiel de votre CRM. Nous prenons le temps de conna\u00eetre votre organisation, nous d\u00e9veloppons des relations \u00e0 long terme et devenons une extension de votre \u00e9quipe. <br>\u00c0 tout moment, vous pouvez planifier une r\u00e9union avec nous afin que nous puissions vous aider \u00e0 \u00e9laborer un plan pour atteindre vos objectifs, identifier les probl\u00e8mes et recommander des solutions sur mesure.<\/p><\/div><\/div>\t\t\t\t<\/div>\n\t\t\t\t<\/div>\n\t\t\t\t\t<\/div>\n\t\t<\/div>\n\t\t\t\t<div class=\"elementor-column elementor-col-33 elementor-inner-column elementor-element elementor-element-262aaf8b elementor-invisible\" data-id=\"262aaf8b\" data-element_type=\"column\" data-settings=\"{&quot;background_background&quot;:&quot;classic&quot;,&quot;animation&quot;:&quot;fadeInUp&quot;,&quot;animation_delay&quot;:600}\">\n\t\t\t<div class=\"elementor-widget-wrap elementor-element-populated\">\n\t\t\t\t\t\t<div class=\"elementor-element elementor-element-7e104dfe elementor-position-top elementor-widget elementor-widget-image-box\" data-id=\"7e104dfe\" data-element_type=\"widget\" data-widget_type=\"image-box.default\">\n\t\t\t\t<div class=\"elementor-widget-container\">\n\t\t\t\t\t<div class=\"elementor-image-box-wrapper\"><figure class=\"elementor-image-box-img\"><img decoding=\"async\" src=\"https:\/\/cividesk.com\/wp-content\/uploads\/elementor\/thumbs\/lightbulb-qih7fgrif9uv7gp1w727f4zjtkdv3n1982r1br78xs.png\" title=\"ampoule.png\" alt=\"lightbulb.png\" loading=\"lazy\" \/><\/figure><div class=\"elementor-image-box-content\"><h4 class=\"elementor-image-box-title\">Tutoriels vid\u00e9os<\/h4><p class=\"elementor-image-box-description\">Nous sommes convaincus que vos utilisateurs sont plus efficaces dans l'utilisation quotidienne de CiviCRM lorqu'ils ont acc\u00e8s \u00e0 des formations et \u00e0 des tutoriels. <\/br>Une formation continue est propos\u00e9e \u00e0 vos utilisateurs via nos tutoriels vid\u00e9o dans lesquels nous fournissons des instructions sur une vari\u00e9t\u00e9 de fonctionnalit\u00e9s CiviCRM. Ces tutoriels sont disponibles directement depuis votre instance CiviCRM.<\/p><\/div><\/div>\t\t\t\t<\/div>\n\t\t\t\t<\/div>\n\t\t\t\t\t<\/div>\n\t\t<\/div>\n\t\t\t\t\t<\/div>\n\t\t<\/section>\n\t\t\t\t\t<\/div>\n\t\t<\/div>\n\t\t\t\t\t<\/div>\n\t\t<\/section>\n\t\t\t\t<\/div>","protected":false},"excerpt":{"rendered":"<p>Plan de service Un plan mensuel qui prend en charge tous vos besoins CiviCRM CiviCRM et h\u00e9bergement de sites Web Notre environnement d&#039;h\u00e9bergement est sp\u00e9cifiquement optimis\u00e9 pour CiviCRM en termes de disponibilit\u00e9, de s\u00e9curit\u00e9, de performances et d&#039;\u00e9volutivit\u00e9. Notre service d&#039;h\u00e9bergement est disponible sur serveurs mutualis\u00e9s et sur serveurs d\u00e9di\u00e9s avec des ressources d\u00e9di\u00e9es allou\u00e9es \u00e0 votre organisation. Notre infrastructure est con\u00e7ue pour [\u2026]<\/p>","protected":false},"author":2,"featured_media":0,"parent":0,"menu_order":0,"comment_status":"closed","ping_status":"closed","template":"","meta":{"footnotes":""},"class_list":["post-1023","page","type-page","status-publish","hentry"],"_links":{"self":[{"href":"https:\/\/cividesk.com\/fr\/wp-json\/wp\/v2\/pages\/1023","targetHints":{"allow":["GET"]}}],"collection":[{"href":"https:\/\/cividesk.com\/fr\/wp-json\/wp\/v2\/pages"}],"about":[{"href":"https:\/\/cividesk.com\/fr\/wp-json\/wp\/v2\/types\/page"}],"author":[{"embeddable":true,"href":"https:\/\/cividesk.com\/fr\/wp-json\/wp\/v2\/users\/2"}],"replies":[{"embeddable":true,"href":"https:\/\/cividesk.com\/fr\/wp-json\/wp\/v2\/comments?post=1023"}],"version-history":[{"count":75,"href":"https:\/\/cividesk.com\/fr\/wp-json\/wp\/v2\/pages\/1023\/revisions"}],"predecessor-version":[{"id":1586,"href":"https:\/\/cividesk.com\/fr\/wp-json\/wp\/v2\/pages\/1023\/revisions\/1586"}],"wp:attachment":[{"href":"https:\/\/cividesk.com\/fr\/wp-json\/wp\/v2\/media?parent=1023"}],"curies":[{"name":"wp","href":"https:\/\/api.w.org\/{rel}","templated":true}]}}