{"id":1252,"date":"2024-02-04T20:07:14","date_gmt":"2024-02-04T20:07:14","guid":{"rendered":"https:\/\/cividesk.com\/?page_id=1252"},"modified":"2024-02-06T00:29:26","modified_gmt":"2024-02-06T00:29:26","slug":"a-la-carte-services","status":"publish","type":"page","link":"https:\/\/cividesk.com\/fr\/a-la-carte-services\/","title":{"rendered":"Services \u00e0 la carte"},"content":{"rendered":"<div data-elementor-type=\"wp-page\" data-elementor-id=\"1252\" class=\"elementor elementor-1252\" data-elementor-post-type=\"page\">\n\t\t\t\t\t\t<section class=\"elementor-section elementor-top-section elementor-element elementor-element-d10773d elementor-section-boxed elementor-section-height-default elementor-section-height-default\" data-id=\"d10773d\" data-element_type=\"section\" data-settings=\"{&quot;background_background&quot;:&quot;classic&quot;}\">\n\t\t\t\t\t\t\t<div class=\"elementor-background-overlay\"><\/div>\n\t\t\t\t\t\t\t<div class=\"elementor-container elementor-column-gap-default\">\n\t\t\t\t\t<div class=\"elementor-column elementor-col-100 elementor-top-column elementor-element elementor-element-8d90928\" data-id=\"8d90928\" data-element_type=\"column\">\n\t\t\t<div class=\"elementor-widget-wrap elementor-element-populated\">\n\t\t\t\t\t\t<div class=\"elementor-element elementor-element-efd2a16 elementor-widget elementor-widget-heading\" data-id=\"efd2a16\" data-element_type=\"widget\" data-widget_type=\"heading.default\">\n\t\t\t\t<div class=\"elementor-widget-container\">\n\t\t\t\t\t<h2 class=\"elementor-heading-title elementor-size-default\">Services \u00e0 la carte<\/h2>\t\t\t\t<\/div>\n\t\t\t\t<\/div>\n\t\t\t\t<div class=\"elementor-element elementor-element-406dd84 elementor-widget elementor-widget-text-editor\" data-id=\"406dd84\" data-element_type=\"widget\" data-widget_type=\"text-editor.default\">\n\t\t\t\t<div class=\"elementor-widget-container\">\n\t\t\t\t\t\t\t\t\t<h4 style=\"text-align: center;\"><span style=\"color: #ffffff;\">Tous ces services sont con\u00e7us, exploit\u00e9s et delivr\u00e9s par notre \u00e9quipe d'experts<\/span><\/h4>\t\t\t\t\t\t\t\t<\/div>\n\t\t\t\t<\/div>\n\t\t\t\t\t<\/div>\n\t\t<\/div>\n\t\t\t\t\t<\/div>\n\t\t<\/section>\n\t\t\t\t<section class=\"elementor-section elementor-top-section elementor-element elementor-element-f725322 elementor-section-boxed elementor-section-height-default elementor-section-height-default\" data-id=\"f725322\" data-element_type=\"section\" data-settings=\"{&quot;background_background&quot;:&quot;classic&quot;}\">\n\t\t\t\t\t\t\t<div class=\"elementor-background-overlay\"><\/div>\n\t\t\t\t\t\t\t<div class=\"elementor-container elementor-column-gap-default\">\n\t\t\t\t\t<div class=\"elementor-column elementor-col-100 elementor-top-column elementor-element elementor-element-1ef043a\" data-id=\"1ef043a\" data-element_type=\"column\">\n\t\t\t<div class=\"elementor-widget-wrap elementor-element-populated\">\n\t\t\t\t\t\t<section class=\"elementor-section elementor-inner-section elementor-element elementor-element-166e44b7 elementor-section-boxed elementor-section-height-default elementor-section-height-default\" data-id=\"166e44b7\" data-element_type=\"section\">\n\t\t\t\t\t\t<div class=\"elementor-container elementor-column-gap-default\">\n\t\t\t\t\t<div class=\"elementor-column elementor-col-33 elementor-inner-column elementor-element elementor-element-71b91780 elementor-invisible\" data-id=\"71b91780\" data-element_type=\"column\" data-settings=\"{&quot;background_background&quot;:&quot;classic&quot;,&quot;animation&quot;:&quot;fadeInUp&quot;,&quot;animation_delay&quot;:400}\">\n\t\t\t<div class=\"elementor-widget-wrap elementor-element-populated\">\n\t\t\t\t\t\t<div class=\"elementor-element elementor-element-2f851d5a elementor-position-top elementor-widget elementor-widget-image-box\" data-id=\"2f851d5a\" data-element_type=\"widget\" data-widget_type=\"image-box.default\">\n\t\t\t\t<div class=\"elementor-widget-container\">\n\t\t\t\t\t<div class=\"elementor-image-box-wrapper\"><figure class=\"elementor-image-box-img\"><img decoding=\"async\" src=\"https:\/\/cividesk.com\/wp-content\/uploads\/elementor\/thumbs\/dashboard-qih7fb4ha9n59sx8t4mg06es995ntgev7au4g3flz4.png\" title=\"tableau de bord.png\" alt=\"dashboard.png\" loading=\"lazy\" \/><\/figure><div class=\"elementor-image-box-content\"><h4 class=\"elementor-image-box-title\">D\u00e9veloppement personnalis\u00e9<\/h4><p class=\"elementor-image-box-description\">Notre \u00e9quipe de d\u00e9veloppement CiviCRM est disponible pour vos besoins de personnalisation et de d\u00e9veloppement.<br>\nNos processus de d\u00e9veloppement suivent les meilleures pratiques de l&#039;industrie, notamment\u00a0: <br>\nTous les d\u00e9veloppements sont d&#039;abord r\u00e9alis\u00e9s sur un site de d\u00e9veloppement avant d&#039;\u00eatre d\u00e9ploy\u00e9s sur votre site de production.<br>\nChaque morceau de code d\u00e9ploy\u00e9 en production est g\u00e9r\u00e9 avec un logiciel de gestion de contr\u00f4le de version.<br>Tous nos d\u00e9veloppements personnalis\u00e9s sont maintenus dans le cadre de l'abonnement mensuel.<\/p><\/div><\/div>\t\t\t\t<\/div>\n\t\t\t\t<\/div>\n\t\t\t\t\t<\/div>\n\t\t<\/div>\n\t\t\t\t<div class=\"elementor-column elementor-col-33 elementor-inner-column elementor-element elementor-element-5abd000a elementor-invisible\" data-id=\"5abd000a\" data-element_type=\"column\" data-settings=\"{&quot;background_background&quot;:&quot;classic&quot;,&quot;animation&quot;:&quot;fadeInUp&quot;,&quot;animation_delay&quot;:200}\">\n\t\t\t<div class=\"elementor-widget-wrap elementor-element-populated\">\n\t\t\t\t\t\t<div class=\"elementor-element elementor-element-fcadd94 elementor-position-top elementor-widget elementor-widget-image-box\" data-id=\"fcadd94\" data-element_type=\"widget\" data-widget_type=\"image-box.default\">\n\t\t\t\t<div class=\"elementor-widget-container\">\n\t\t\t\t\t<div class=\"elementor-image-box-wrapper\"><figure class=\"elementor-image-box-img\"><img decoding=\"async\" src=\"https:\/\/cividesk.com\/wp-content\/uploads\/elementor\/thumbs\/chat-qih7ffto8ftkvuqf1onkun8386ihvxxivy3juh8n40.png\" title=\"chat.png\" alt=\"chat.png\" loading=\"lazy\" \/><\/figure><div class=\"elementor-image-box-content\"><h4 class=\"elementor-image-box-title\">Consultation<\/h4><p class=\"elementor-image-box-description\">Avant d'impl\u00e9menter une solution dans CiviCRM pour g\u00e9rer un processus\/workflow qui n'est pas d\u00e9j\u00e0 configur\u00e9 dans votre instance CiviCRM actuelle, nous commen\u00e7ons par une session de consultation.<br> \nLa consulation comprend l'\u00e9change avec vos utilisateurs pour comprendre les besoins de votre organisation, l'investigation pour trouver la meilleure solution technique, les tests et la pr\u00e9sentation de la solution avant mise en \u0153uvre. La solution est ensuite impl\u00e9ment\u00e9e par Cividesk (configuration et d\u00e9veloppement personnalis\u00e9 si besoin) ou par vos utilisateurs selon la complexit\u00e9 de la configuration.<\/p><\/div><\/div>\t\t\t\t<\/div>\n\t\t\t\t<\/div>\n\t\t\t\t\t<\/div>\n\t\t<\/div>\n\t\t\t\t<div class=\"elementor-column elementor-col-33 elementor-inner-column elementor-element elementor-element-39c34549 elementor-invisible\" data-id=\"39c34549\" data-element_type=\"column\" data-settings=\"{&quot;background_background&quot;:&quot;classic&quot;,&quot;animation&quot;:&quot;fadeInUp&quot;,&quot;animation_delay&quot;:600}\">\n\t\t\t<div class=\"elementor-widget-wrap elementor-element-populated\">\n\t\t\t\t\t\t<div class=\"elementor-element elementor-element-294f8c4b elementor-position-top elementor-widget elementor-widget-image-box\" data-id=\"294f8c4b\" data-element_type=\"widget\" data-widget_type=\"image-box.default\">\n\t\t\t\t<div class=\"elementor-widget-container\">\n\t\t\t\t\t<div class=\"elementor-image-box-wrapper\"><figure class=\"elementor-image-box-img\"><img decoding=\"async\" src=\"https:\/\/cividesk.com\/wp-content\/uploads\/elementor\/thumbs\/megaphone-qih7ffto8ftkvuqf1onkun8386ihvxxivy3juh8n40.png\" title=\"m\u00e9gaphone.png\" alt=\"megaphone.png\" loading=\"lazy\" \/><\/figure><div class=\"elementor-image-box-content\"><h4 class=\"elementor-image-box-title\">Configuration<\/h4><p class=\"elementor-image-box-description\">Nous configurons CiviCRM en fonction de vos besoins et flux de travail sp\u00e9cifiques. Cela peut inclure la configuration de toutes entit\u00e9s et objets de donn\u00e9es, mais \u00e9galement la configuration de modules qui ne sont pas encore utilis\u00e9s et\/ou d'extensions commnautaires CiviCRM.<br>\nAvant de proc\u00e9der \u00e0 un d\u00e9veloppement personnalis\u00e9, nous explorons toujours la possibilit\u00e9 d'utiliser une extension CiviCRM existante qui apporte les fonctionnalit\u00e9s suppl\u00e9mentaires requises. Si c'est le cas, nous testons l'extension sur notre site de d\u00e9veloppement et si l'extension fonctionne comme pr\u00e9vu, nous installons et configurons l'extension de votre site de production.<\/p><\/div><\/div>\t\t\t\t<\/div>\n\t\t\t\t<\/div>\n\t\t\t\t\t<\/div>\n\t\t<\/div>\n\t\t\t\t\t<\/div>\n\t\t<\/section>\n\t\t\t\t<section class=\"elementor-section elementor-inner-section elementor-element elementor-element-35e1341 elementor-section-boxed elementor-section-height-default elementor-section-height-default\" data-id=\"35e1341\" data-element_type=\"section\">\n\t\t\t\t\t\t<div class=\"elementor-container elementor-column-gap-default\">\n\t\t\t\t\t<div class=\"elementor-column elementor-col-33 elementor-inner-column elementor-element elementor-element-13753d0 elementor-invisible\" data-id=\"13753d0\" data-element_type=\"column\" data-settings=\"{&quot;background_background&quot;:&quot;classic&quot;,&quot;animation&quot;:&quot;fadeInUp&quot;,&quot;animation_delay&quot;:400}\">\n\t\t\t<div class=\"elementor-widget-wrap elementor-element-populated\">\n\t\t\t\t\t\t<div class=\"elementor-element elementor-element-1aeee506 elementor-position-top elementor-widget elementor-widget-image-box\" data-id=\"1aeee506\" data-element_type=\"widget\" data-widget_type=\"image-box.default\">\n\t\t\t\t<div class=\"elementor-widget-container\">\n\t\t\t\t\t<div class=\"elementor-image-box-wrapper\"><figure class=\"elementor-image-box-img\"><img decoding=\"async\" src=\"https:\/\/cividesk.com\/wp-content\/uploads\/elementor\/thumbs\/data-analysis-qih7fevu1lsak8rs768ya5gmmsn4o8tsjtg2d7a1a8.png\" title=\"analyse-de-donn\u00e9es.png\" alt=\"data-analysis.png\" loading=\"lazy\" \/><\/figure><div class=\"elementor-image-box-content\"><h4 class=\"elementor-image-box-title\">Formation utilisateurs<\/h4><p class=\"elementor-image-box-description\">\u00c0 mesure que votre \u00e9quipe \u00e9volue et grandit, vos utilisateurs devront \u00eatre form\u00e9s sur CiviCRM. <\/br>\nNous proposons des sessions de formation interactives sur une vari\u00e9t\u00e9 de fonctionnalit\u00e9s CiviCRM et proposons des cours pour tous les niveaux d'exp\u00e9rience. <\/br>\nNous avons d\u00e9velopp\u00e9 un curriculum pour les d\u00e9butants et un autre pour les utilisateurs plus avanc\u00e9s.<\/br>\nNos sessions de formation priv\u00e9es de 2 heures se compl\u00e8tent et fournissent un programme de formation complet sur l'utilisation de CiviCRM dans votre organisation. Les formations incluent l'instruction sur les modules et fonctionnalit\u00e9s CiviCRM les plus importants et suffisamment de temps est allou\u00e9 pour r\u00e9pondre \u00e0 vos questions.<\/p><\/div><\/div>\t\t\t\t<\/div>\n\t\t\t\t<\/div>\n\t\t\t\t\t<\/div>\n\t\t<\/div>\n\t\t\t\t<div class=\"elementor-column elementor-col-33 elementor-inner-column elementor-element elementor-element-413877b7 elementor-invisible\" data-id=\"413877b7\" data-element_type=\"column\" data-settings=\"{&quot;background_background&quot;:&quot;classic&quot;,&quot;animation&quot;:&quot;fadeInUp&quot;,&quot;animation_delay&quot;:200}\">\n\t\t\t<div class=\"elementor-widget-wrap elementor-element-populated\">\n\t\t\t\t\t\t<div class=\"elementor-element elementor-element-66a6ff80 elementor-position-top elementor-widget elementor-widget-image-box\" data-id=\"66a6ff80\" data-element_type=\"widget\" data-widget_type=\"image-box.default\">\n\t\t\t\t<div class=\"elementor-widget-container\">\n\t\t\t\t\t<div class=\"elementor-image-box-wrapper\"><figure class=\"elementor-image-box-img\"><img decoding=\"async\" src=\"https:\/\/cividesk.com\/wp-content\/uploads\/elementor\/thumbs\/social-media-qih7fd05nxppx0uii5fp55xpg0we8umbvk53enctmo.png\" title=\"r\u00e9seaux sociaux.png\" alt=\"social-media.png\" loading=\"lazy\" \/><\/figure><div class=\"elementor-image-box-content\"><h4 class=\"elementor-image-box-title\">Migration de donn\u00e9es<\/h4><p class=\"elementor-image-box-description\">CiviCRM dispose d'outils pour importer des donn\u00e9es telles que les contacts, les contributions, les adh\u00e9sions et les participants \u00e0 des \u00e9v\u00e9nements.<\/br>\nMais l\u2019import de donn\u00e9es n\u00e9cessite une attention et un soin consid\u00e9rables, en particulier sur une base de donn\u00e9es existante, afin d\u2019\u00e9viter les doublons et l\u2019ecrasement des donn\u00e9es existantes. C'est une t\u00e2che que vous pouvez vouloir nous d\u00e9l\u00e9guer.<\/br>De plus, les outils d'import de CiviCRM pr\u00e9sentent certaines limitations qui peuvent n\u00e9cessiter le d\u00e9veloppement d'un script d'import personnalis\u00e9.<\/br>\nNotre processus de migration de donn\u00e9es comprend le nettoyage et la transformation des donn\u00e9es, le mapping des donn\u00e9es, le d\u00e9veloppement du script d'import personnalis\u00e9 et le t\u00e9l\u00e9chargement des donn\u00e9es.\n<\/p><\/div><\/div>\t\t\t\t<\/div>\n\t\t\t\t<\/div>\n\t\t\t\t\t<\/div>\n\t\t<\/div>\n\t\t\t\t<div class=\"elementor-column elementor-col-33 elementor-inner-column elementor-element elementor-element-62ec054e elementor-invisible\" data-id=\"62ec054e\" data-element_type=\"column\" data-settings=\"{&quot;background_background&quot;:&quot;classic&quot;,&quot;animation&quot;:&quot;fadeInUp&quot;,&quot;animation_delay&quot;:600}\">\n\t\t\t<div class=\"elementor-widget-wrap elementor-element-populated\">\n\t\t\t\t\t\t<div class=\"elementor-element elementor-element-12a90380 elementor-position-top elementor-widget elementor-widget-image-box\" data-id=\"12a90380\" data-element_type=\"widget\" data-widget_type=\"image-box.default\">\n\t\t\t\t<div class=\"elementor-widget-container\">\n\t\t\t\t\t<div class=\"elementor-image-box-wrapper\"><figure class=\"elementor-image-box-img\"><img decoding=\"async\" src=\"https:\/\/cividesk.com\/wp-content\/uploads\/elementor\/thumbs\/layer-qih7fhpcm3w5j2noqpgtzmr0ey98bc4zk7eit15urk.png\" title=\"couche.png\" alt=\"layer.png\" loading=\"lazy\" \/><\/figure><div class=\"elementor-image-box-content\"><h4 class=\"elementor-image-box-title\">Int\u00e9gration dans site Web<\/h4><p class=\"elementor-image-box-description\">L&#039;int\u00e9gration de CiviCRM dans votre site Web permet d&#039;afficher le contenu de CiviCRM sur les pages frontales de votre site Web dans le th\u00e8me de votre site Web. <br>\nCes pages publiques peuvent etre une page de don, l'inscription \u00e0 un \u00e9v\u00e9nement, l'abonnement \u00e0 vos listes de diffusion, l'inscription des membres et bien plus encore.<\/br>\nVotre site Web peut \u00e9galement \u00eatre am\u00e9lior\u00e9 avec des fonctionnalit\u00e9s suppl\u00e9mentaires qui profiteront \u00e0 vos visiteurs, comme un portail des membres, un portail des b\u00e9n\u00e9voles, un portail d'inscription \u00e0 des classes, un annuaire des membres en ligne, un calendrier d'\u00e9v\u00e9nements et plus encore.<\/p><\/div><\/div>\t\t\t\t<\/div>\n\t\t\t\t<\/div>\n\t\t\t\t\t<\/div>\n\t\t<\/div>\n\t\t\t\t\t<\/div>\n\t\t<\/section>\n\t\t\t\t\t<\/div>\n\t\t<\/div>\n\t\t\t\t\t<\/div>\n\t\t<\/section>\n\t\t\t\t<\/div>","protected":false},"excerpt":{"rendered":"<p>Services \u00e0 la carte Tous ces services sont con\u00e7us, exploit\u00e9s et maintenus par notre \u00e9quipe exp\u00e9riment\u00e9e D\u00e9veloppement personnalis\u00e9 Notre \u00e9quipe de d\u00e9veloppement CiviCRM est disponible pour vos besoins de personnalisation et de d\u00e9veloppement. Nos processus de d\u00e9veloppement suivent les meilleures pratiques de l&#039;industrie, notamment : Tous les d\u00e9veloppements sont d&#039;abord effectu\u00e9s sur un site de d\u00e9veloppement avant d&#039;\u00eatre d\u00e9ploy\u00e9s sur votre site de production. [\u2026]<\/p>","protected":false},"author":2,"featured_media":0,"parent":0,"menu_order":0,"comment_status":"closed","ping_status":"closed","template":"","meta":{"footnotes":""},"class_list":["post-1252","page","type-page","status-publish","hentry"],"_links":{"self":[{"href":"https:\/\/cividesk.com\/fr\/wp-json\/wp\/v2\/pages\/1252","targetHints":{"allow":["GET"]}}],"collection":[{"href":"https:\/\/cividesk.com\/fr\/wp-json\/wp\/v2\/pages"}],"about":[{"href":"https:\/\/cividesk.com\/fr\/wp-json\/wp\/v2\/types\/page"}],"author":[{"embeddable":true,"href":"https:\/\/cividesk.com\/fr\/wp-json\/wp\/v2\/users\/2"}],"replies":[{"embeddable":true,"href":"https:\/\/cividesk.com\/fr\/wp-json\/wp\/v2\/comments?post=1252"}],"version-history":[{"count":95,"href":"https:\/\/cividesk.com\/fr\/wp-json\/wp\/v2\/pages\/1252\/revisions"}],"predecessor-version":[{"id":1715,"href":"https:\/\/cividesk.com\/fr\/wp-json\/wp\/v2\/pages\/1252\/revisions\/1715"}],"wp:attachment":[{"href":"https:\/\/cividesk.com\/fr\/wp-json\/wp\/v2\/media?parent=1252"}],"curies":[{"name":"wp","href":"https:\/\/api.w.org\/{rel}","templated":true}]}}