{"id":1810,"date":"2024-07-13T22:10:54","date_gmt":"2024-07-13T22:10:54","guid":{"rendered":"https:\/\/cividesk.com\/?page_id=1810"},"modified":"2024-07-13T22:18:11","modified_gmt":"2024-07-13T22:18:11","slug":"fullfillment-policy","status":"publish","type":"page","link":"https:\/\/cividesk.com\/fr\/fullfillment-policy\/","title":{"rendered":"Politique d&#039;ex\u00e9cution"},"content":{"rendered":"<p>Derni\u00e8re mise \u00e0 jour : juillet 2024<\/p>\n\n\n\n<p><strong>\u200d<\/strong>Cette politique de r\u00e9alisation vous informe sur les r\u00e8gles et directives relatives aux services achet\u00e9s aupr\u00e8s de notre soci\u00e9t\u00e9.<\/p>\n\n\n\n<p>Description des prestations<br>Cividesk fournit une gamme de services pour la gestion des organisations \u00e0 but non lucratif, la collaboration en ligne, les communications et d&#039;autres processus commerciaux cl\u00e9s (\u00ab Service \u00bb ou \u00ab Services \u00bb). Vous pouvez vous connecter aux Services \u00e0 l&#039;aide de n&#039;importe quel navigateur Internet pris en charge par les Services. Vous \u00eates responsable de l&#039;obtention de l&#039;acc\u00e8s \u00e0 Internet et de l&#039;\u00e9quipement n\u00e9cessaire \u00e0 l&#039;utilisation des Services. Vous pouvez cr\u00e9er et modifier du contenu avec votre compte utilisateur et si vous choisissez de le faire, vous pouvez publier et partager ce contenu.<br>Nos services sont factur\u00e9s en dollars am\u00e9ricains ou en dollars CAD.<\/p>\n\n\n\n<p>Paiements r\u00e9currents<br>Les abonnements aux Services payants sont factur\u00e9s automatiquement selon le cycle de facturation s\u00e9lectionn\u00e9 (par exemple mensuel, annuel). Votre abonnement sera automatiquement renouvel\u00e9 \u00e0 la fin de chaque p\u00e9riode d&#039;abonnement. <br>Cividesk se r\u00e9serve le droit de modifier les frais d&#039;abonnement \u00e0 tout moment, y compris de facturer des services auparavant disponibles gratuitement. Lorsque de tels changements surviennent, nous nous engageons \u00e0 vous informer au moins vingt (20) jours avant la date de renouvellement de votre abonnement et \u00e0 rendre les nouveaux frais d&#039;abonnement effectifs au moment du renouvellement de votre abonnement.<\/p>\n\n\n\n<p>Politique d&#039;annulation:<br>Les abonnements peuvent \u00eatre annul\u00e9s \u00e0 tout moment en contactant virginie@cividesk.com. Vous devrez nous informer que vous ne souhaitez pas renouveler l&#039;abonnement au moins quinze (15) jours avant la date de renouvellement. Les frais de renouvellement de l&#039;abonnement seront factur\u00e9s sur tout moyen de paiement pr\u00e9alablement autoris\u00e9 par vous. Si vous souhaitez que le paiement du renouvellement soit effectu\u00e9 par un autre moyen de paiement, vous vous engagez \u00e0 nous en informer au moins sept (7) jours avant la date de renouvellement. <\/p>\n\n\n\n<p>Politique de remboursement:<br>En cas de r\u00e9siliation de l&#039;abonnement, les frais d&#039;abonnement pour la partie non utilis\u00e9e de la p\u00e9riode d&#039;abonnement ne seront pas rembours\u00e9s.<\/p>\n\n\n\n<p>Mise \u00e0 jour des conditions: <br>Cividesk se r\u00e9serve le droit de mettre \u00e0 jour cette politique \u00e0 tout moment. Les modifications entreront en vigueur d\u00e8s leur publication sur notre site Web. Veuillez consulter r\u00e9guli\u00e8rement pour rester inform\u00e9.<\/p>\n\n\n\n<p>Coordonn\u00e9es: <br>Pour tout probl\u00e8me de paiement ou d&#039;abonnement, contactez-nous \u00e0 virginie@cividesk.com ou \u00e0 l&#039;une des adresses postales suivantes :<\/p>\n\n\n\n<div class=\"wp-block-columns is-layout-flex wp-container-core-columns-is-layout-28f84493 wp-block-columns-is-layout-flex\">\n<div class=\"wp-block-column is-layout-flow wp-block-column-is-layout-flow\">\n<p><\/p>\n\n\n\n<div class=\"wp-block-columns is-layout-flex wp-container-core-columns-is-layout-28f84493 wp-block-columns-is-layout-flex\">\n<div class=\"wp-block-column is-layout-flow wp-block-column-is-layout-flow\">\n<p>Cividesk<br>1312, 17e rue<br>Unit\u00e9 2322<br>Denver, Colorado 80202<br>Etats-Unis<\/p>\n\n\n\n<div class=\"wp-block-columns is-layout-flex wp-container-core-columns-is-layout-28f84493 wp-block-columns-is-layout-flex\">\n<div class=\"wp-block-column is-layout-flow wp-block-column-is-layout-flow\"><\/div>\n\n\n\n<div class=\"wp-block-column is-layout-flow wp-block-column-is-layout-flow\"><\/div>\n<\/div>\n<\/div>\n\n\n\n<div class=\"wp-block-column is-layout-flow wp-block-column-is-layout-flow\">\n<p>Groupe Cividesk Inc<br>204 rue du St Sacrement<br>Bureau 300<br>Montr\u00e9al, Qu\u00e9bec H2Y 1W8<br>Canada<\/p>\n<\/div>\n<\/div>\n<\/div>\n<\/div>","protected":false},"excerpt":{"rendered":"<p>Derni\u00e8re mise \u00e0 jour : juillet 2024 \u200dCette politique de traitement des commandes vous informe sur les r\u00e8gles et directives relatives aux services achet\u00e9s aupr\u00e8s de notre soci\u00e9t\u00e9. Description des servicesCividesk fournit une gamme de services pour la gestion des organisations \u00e0 but non lucratif, la collaboration en ligne, les communications et d&#039;autres processus commerciaux cl\u00e9s (\u00ab Service \u00bb ou \u00ab Services \u00bb). Vous pouvez vous connecter aux Services \u00e0 l&#039;aide de n&#039;importe quel navigateur Internet [\u2026]<\/p>","protected":false},"author":2,"featured_media":0,"parent":0,"menu_order":0,"comment_status":"closed","ping_status":"closed","template":"","meta":{"footnotes":""},"class_list":["post-1810","page","type-page","status-publish","hentry"],"_links":{"self":[{"href":"https:\/\/cividesk.com\/fr\/wp-json\/wp\/v2\/pages\/1810","targetHints":{"allow":["GET"]}}],"collection":[{"href":"https:\/\/cividesk.com\/fr\/wp-json\/wp\/v2\/pages"}],"about":[{"href":"https:\/\/cividesk.com\/fr\/wp-json\/wp\/v2\/types\/page"}],"author":[{"embeddable":true,"href":"https:\/\/cividesk.com\/fr\/wp-json\/wp\/v2\/users\/2"}],"replies":[{"embeddable":true,"href":"https:\/\/cividesk.com\/fr\/wp-json\/wp\/v2\/comments?post=1810"}],"version-history":[{"count":4,"href":"https:\/\/cividesk.com\/fr\/wp-json\/wp\/v2\/pages\/1810\/revisions"}],"predecessor-version":[{"id":1815,"href":"https:\/\/cividesk.com\/fr\/wp-json\/wp\/v2\/pages\/1810\/revisions\/1815"}],"wp:attachment":[{"href":"https:\/\/cividesk.com\/fr\/wp-json\/wp\/v2\/media?parent=1810"}],"curies":[{"name":"wp","href":"https:\/\/api.w.org\/{rel}","templated":true}]}}