{"id":927,"date":"2024-01-22T18:01:10","date_gmt":"2024-01-22T18:01:10","guid":{"rendered":"https:\/\/cividesk.ca\/?page_id=927"},"modified":"2024-01-31T22:08:59","modified_gmt":"2024-01-31T22:08:59","slug":"civicrm","status":"publish","type":"page","link":"https:\/\/cividesk.com\/fr\/civicrm\/","title":{"rendered":"CiviCRM"},"content":{"rendered":"<p>Ne supprimez pas cette page. Le contenu de la page est g\u00e9n\u00e9r\u00e9 par CiviCRM.<\/p>","protected":false},"excerpt":{"rendered":"<p>Ne supprimez pas cette page. Le contenu de la page est g\u00e9n\u00e9r\u00e9 par CiviCRM.<\/p>","protected":false},"author":1,"featured_media":0,"parent":0,"menu_order":0,"comment_status":"closed","ping_status":"closed","template":"","meta":{"footnotes":""},"class_list":["post-927","page","type-page","status-publish","hentry"],"_links":{"self":[{"href":"https:\/\/cividesk.com\/fr\/wp-json\/wp\/v2\/pages\/927","targetHints":{"allow":["GET"]}}],"collection":[{"href":"https:\/\/cividesk.com\/fr\/wp-json\/wp\/v2\/pages"}],"about":[{"href":"https:\/\/cividesk.com\/fr\/wp-json\/wp\/v2\/types\/page"}],"author":[{"embeddable":true,"href":"https:\/\/cividesk.com\/fr\/wp-json\/wp\/v2\/users\/1"}],"replies":[{"embeddable":true,"href":"https:\/\/cividesk.com\/fr\/wp-json\/wp\/v2\/comments?post=927"}],"version-history":[{"count":2,"href":"https:\/\/cividesk.com\/fr\/wp-json\/wp\/v2\/pages\/927\/revisions"}],"predecessor-version":[{"id":953,"href":"https:\/\/cividesk.com\/fr\/wp-json\/wp\/v2\/pages\/927\/revisions\/953"}],"wp:attachment":[{"href":"https:\/\/cividesk.com\/fr\/wp-json\/wp\/v2\/media?parent=927"}],"curies":[{"name":"wp","href":"https:\/\/api.w.org\/{rel}","templated":true}]}}