{"id":965,"date":"2024-02-03T23:56:05","date_gmt":"2024-02-03T23:56:05","guid":{"rendered":"https:\/\/cividesk.com\/?page_id=965"},"modified":"2024-02-05T01:53:39","modified_gmt":"2024-02-05T01:53:39","slug":"implementation","status":"publish","type":"page","link":"https:\/\/cividesk.com\/fr\/implementation\/","title":{"rendered":"Mise en \u0153uvre"},"content":{"rendered":"<div data-elementor-type=\"wp-page\" data-elementor-id=\"965\" class=\"elementor elementor-965\" data-elementor-post-type=\"page\">\n\t\t\t\t\t\t<section class=\"elementor-section elementor-top-section elementor-element elementor-element-3b0bd77 elementor-section-boxed elementor-section-height-default elementor-section-height-default\" data-id=\"3b0bd77\" data-element_type=\"section\" data-settings=\"{&quot;background_background&quot;:&quot;classic&quot;}\">\n\t\t\t\t\t\t\t<div class=\"elementor-background-overlay\"><\/div>\n\t\t\t\t\t\t\t<div class=\"elementor-container elementor-column-gap-default\">\n\t\t\t\t\t<div class=\"elementor-column elementor-col-100 elementor-top-column elementor-element elementor-element-fdc09ee\" data-id=\"fdc09ee\" data-element_type=\"column\">\n\t\t\t<div class=\"elementor-widget-wrap elementor-element-populated\">\n\t\t\t\t\t\t<div class=\"elementor-element elementor-element-285d936 elementor-widget elementor-widget-heading\" data-id=\"285d936\" data-element_type=\"widget\" data-widget_type=\"heading.default\">\n\t\t\t\t<div class=\"elementor-widget-container\">\n\t\t\t\t\t<h2 class=\"elementor-heading-title elementor-size-default\">Impl\u00e9mentation de CiviCRM<\/h2>\t\t\t\t<\/div>\n\t\t\t\t<\/div>\n\t\t\t\t<div class=\"elementor-element elementor-element-8a83868 elementor-widget elementor-widget-text-editor\" data-id=\"8a83868\" data-element_type=\"widget\" data-widget_type=\"text-editor.default\">\n\t\t\t\t<div class=\"elementor-widget-container\">\n\t\t\t\t\t\t\t\t\t<h4 style=\"text-align: center;\"><span style=\"color: #ffffff;\">Vous faites \u00e9quipe avec un chef de projet exp\u00e9riment\u00e9<\/span><br><span style=\"color: #ffffff;\">qui fournit des conseils d&#039;experts tout au long du processus<\/span><\/h4>\t\t\t\t\t\t\t\t<\/div>\n\t\t\t\t<\/div>\n\t\t\t\t\t<\/div>\n\t\t<\/div>\n\t\t\t\t\t<\/div>\n\t\t<\/section>\n\t\t\t\t<section class=\"elementor-section elementor-top-section elementor-element elementor-element-cb5c659 elementor-section-boxed elementor-section-height-default elementor-section-height-default\" data-id=\"cb5c659\" data-element_type=\"section\" data-settings=\"{&quot;background_background&quot;:&quot;classic&quot;}\">\n\t\t\t\t\t\t\t<div class=\"elementor-background-overlay\"><\/div>\n\t\t\t\t\t\t\t<div class=\"elementor-container elementor-column-gap-default\">\n\t\t\t\t\t<div class=\"elementor-column elementor-col-100 elementor-top-column elementor-element elementor-element-c974796\" data-id=\"c974796\" data-element_type=\"column\">\n\t\t\t<div class=\"elementor-widget-wrap elementor-element-populated\">\n\t\t\t\t\t\t<section class=\"elementor-section elementor-inner-section elementor-element elementor-element-12372 elementor-section-boxed elementor-section-height-default elementor-section-height-default\" data-id=\"12372\" data-element_type=\"section\">\n\t\t\t\t\t\t<div class=\"elementor-container elementor-column-gap-default\">\n\t\t\t\t\t<div class=\"elementor-column elementor-col-33 elementor-inner-column elementor-element elementor-element-44579282 elementor-invisible\" data-id=\"44579282\" data-element_type=\"column\" data-settings=\"{&quot;background_background&quot;:&quot;classic&quot;,&quot;animation&quot;:&quot;fadeInUp&quot;,&quot;animation_delay&quot;:400}\">\n\t\t\t<div class=\"elementor-widget-wrap elementor-element-populated\">\n\t\t\t\t\t\t<div class=\"elementor-element elementor-element-4cbac72 elementor-position-top elementor-widget elementor-widget-image-box\" data-id=\"4cbac72\" data-element_type=\"widget\" data-widget_type=\"image-box.default\">\n\t\t\t\t<div class=\"elementor-widget-container\">\n\t\t\t\t\t<div class=\"elementor-image-box-wrapper\"><figure class=\"elementor-image-box-img\"><img decoding=\"async\" src=\"https:\/\/cividesk.com\/wp-content\/uploads\/elementor\/thumbs\/chat-qih7ffto8ftkvuqf1onkun8386ihvxxivy3juh8n40.png\" title=\"chat.png\" alt=\"chat.png\" loading=\"lazy\" \/><\/figure><div class=\"elementor-image-box-content\"><h4 class=\"elementor-image-box-title\">Consultation initiale<\/h4><p class=\"elementor-image-box-description\">Nous discutons des besoins de votre organisation, nous passons du temps \u00e0 conna\u00eetre votre organisation, ce que vous faites, comment vous travaillez. Nous effectuons une \u00e9valuation compl\u00e8te de vos op\u00e9rations quotidiennes, de vos flux de travail et de vos objectifs \u00e0 l'aide d'un questionnaire d\u00e9taill\u00e9.<\/p><\/div><\/div>\t\t\t\t<\/div>\n\t\t\t\t<\/div>\n\t\t\t\t\t<\/div>\n\t\t<\/div>\n\t\t\t\t<div class=\"elementor-column elementor-col-33 elementor-inner-column elementor-element elementor-element-2cd63cd8 elementor-invisible\" data-id=\"2cd63cd8\" data-element_type=\"column\" data-settings=\"{&quot;background_background&quot;:&quot;classic&quot;,&quot;animation&quot;:&quot;fadeInUp&quot;,&quot;animation_delay&quot;:200}\">\n\t\t\t<div class=\"elementor-widget-wrap elementor-element-populated\">\n\t\t\t\t\t\t<div class=\"elementor-element elementor-element-25fd6743 elementor-position-top elementor-widget elementor-widget-image-box\" data-id=\"25fd6743\" data-element_type=\"widget\" data-widget_type=\"image-box.default\">\n\t\t\t\t<div class=\"elementor-widget-container\">\n\t\t\t\t\t<div class=\"elementor-image-box-wrapper\"><figure class=\"elementor-image-box-img\"><img decoding=\"async\" src=\"https:\/\/cividesk.com\/wp-content\/uploads\/elementor\/thumbs\/megaphone-qih7ffto8ftkvuqf1onkun8386ihvxxivy3juh8n40.png\" title=\"m\u00e9gaphone.png\" alt=\"megaphone.png\" loading=\"lazy\" \/><\/figure><div class=\"elementor-image-box-content\"><h4 class=\"elementor-image-box-title\">Configuration personnalis\u00e9e<\/h4><p class=\"elementor-image-box-description\">Nous configurons CiviCRM en fonction de vos besoins sp\u00e9cifiques et des flux de travail identifi\u00e9s et examin\u00e9s lors de la consultation initiale. Vous avez ensuite acc\u00e8s \u00e0 une instance CiviCRM enti\u00e8rement configur\u00e9e que vous pouvez commencer \u00e0 utiliser imm\u00e9diatement.<\/p><\/div><\/div>\t\t\t\t<\/div>\n\t\t\t\t<\/div>\n\t\t\t\t\t<\/div>\n\t\t<\/div>\n\t\t\t\t<div class=\"elementor-column elementor-col-33 elementor-inner-column elementor-element elementor-element-473170f6 elementor-invisible\" data-id=\"473170f6\" data-element_type=\"column\" data-settings=\"{&quot;background_background&quot;:&quot;classic&quot;,&quot;animation&quot;:&quot;fadeInUp&quot;,&quot;animation_delay&quot;:600}\">\n\t\t\t<div class=\"elementor-widget-wrap elementor-element-populated\">\n\t\t\t\t\t\t<div class=\"elementor-element elementor-element-1c53baa0 elementor-position-top elementor-widget elementor-widget-image-box\" data-id=\"1c53baa0\" data-element_type=\"widget\" data-widget_type=\"image-box.default\">\n\t\t\t\t<div class=\"elementor-widget-container\">\n\t\t\t\t\t<div class=\"elementor-image-box-wrapper\"><figure class=\"elementor-image-box-img\"><img decoding=\"async\" src=\"https:\/\/cividesk.com\/wp-content\/uploads\/elementor\/thumbs\/social-media-qih7fd05nxppx0uii5fp55xpg0we8umbvk53enctmo.png\" title=\"r\u00e9seaux sociaux.png\" alt=\"social-media.png\" loading=\"lazy\" \/><\/figure><div class=\"elementor-image-box-content\"><h4 class=\"elementor-image-box-title\">Migration de donn\u00e9es<\/h4><p class=\"elementor-image-box-description\">Nous vous aidons \u00e0 s\u00e9lectionner, pr\u00e9parer et extraire vos donn\u00e9es existantes afin que nous puissions les migrer avec succ\u00e8s dans CiviCRM.<\/p><\/div><\/div>\t\t\t\t<\/div>\n\t\t\t\t<\/div>\n\t\t\t\t\t<\/div>\n\t\t<\/div>\n\t\t\t\t\t<\/div>\n\t\t<\/section>\n\t\t\t\t<section class=\"elementor-section elementor-inner-section elementor-element elementor-element-3a3daf27 elementor-section-boxed elementor-section-height-default elementor-section-height-default\" data-id=\"3a3daf27\" data-element_type=\"section\">\n\t\t\t\t\t\t<div class=\"elementor-container elementor-column-gap-default\">\n\t\t\t\t\t<div class=\"elementor-column elementor-col-33 elementor-inner-column elementor-element elementor-element-1b47b209 elementor-invisible\" data-id=\"1b47b209\" data-element_type=\"column\" data-settings=\"{&quot;background_background&quot;:&quot;classic&quot;,&quot;animation&quot;:&quot;fadeInUp&quot;,&quot;animation_delay&quot;:400}\">\n\t\t\t<div class=\"elementor-widget-wrap elementor-element-populated\">\n\t\t\t\t\t\t<div class=\"elementor-element elementor-element-5aba0050 elementor-position-top elementor-widget elementor-widget-image-box\" data-id=\"5aba0050\" data-element_type=\"widget\" data-widget_type=\"image-box.default\">\n\t\t\t\t<div class=\"elementor-widget-container\">\n\t\t\t\t\t<div class=\"elementor-image-box-wrapper\"><figure class=\"elementor-image-box-img\"><img decoding=\"async\" src=\"https:\/\/cividesk.com\/wp-content\/uploads\/elementor\/thumbs\/app-qih7fc2bh3oflevvnn12ko68un1115iljfhlxde7sw.png\" title=\"application.png\" alt=\"app.png\" loading=\"lazy\" \/><\/figure><div class=\"elementor-image-box-content\"><h4 class=\"elementor-image-box-title\">D\u00e9veloppement personnalis\u00e9<\/h4><p class=\"elementor-image-box-description\">Notre \u00e9quipe de d\u00e9veloppeurs CiviCRM exp\u00e9riment\u00e9s est disponible pour vos besoins de personnalisation. Nos processus de d\u00e9veloppement suivent les meilleures pratiques de l\u2019industrie.\n<\/p><\/div><\/div>\t\t\t\t<\/div>\n\t\t\t\t<\/div>\n\t\t\t\t\t<\/div>\n\t\t<\/div>\n\t\t\t\t<div class=\"elementor-column elementor-col-33 elementor-inner-column elementor-element elementor-element-37625998 elementor-invisible\" data-id=\"37625998\" data-element_type=\"column\" data-settings=\"{&quot;background_background&quot;:&quot;classic&quot;,&quot;animation&quot;:&quot;fadeInUp&quot;,&quot;animation_delay&quot;:200}\">\n\t\t\t<div class=\"elementor-widget-wrap elementor-element-populated\">\n\t\t\t\t\t\t<div class=\"elementor-element elementor-element-c32bb39 elementor-position-top elementor-widget elementor-widget-image-box\" data-id=\"c32bb39\" data-element_type=\"widget\" data-widget_type=\"image-box.default\">\n\t\t\t\t<div class=\"elementor-widget-container\">\n\t\t\t\t\t<div class=\"elementor-image-box-wrapper\"><figure class=\"elementor-image-box-img\"><img decoding=\"async\" src=\"https:\/\/cividesk.com\/wp-content\/uploads\/elementor\/thumbs\/layer-qih7fhpcm3w5j2noqpgtzmr0ey98bc4zk7eit15urk.png\" title=\"couche.png\" alt=\"layer.png\" loading=\"lazy\" \/><\/figure><div class=\"elementor-image-box-content\"><h4 class=\"elementor-image-box-title\">Int\u00e9gration dans site Web<\/h4><p class=\"elementor-image-box-description\">Nous proc\u00e9dons \u00e0 l'int\u00e9gration de CiviCRM avec votre site Web pour am\u00e9liorer votre site Web en d\u00e9veloppant des nouvelles fonctionnalit\u00e9s comme un r\u00e9pertoire des membres en ligne, des formulaires d'adh\u00e9sion et d'inscription aux \u00e9v\u00e9nements, un portail de b\u00e9n\u00e9voles et plus encore.<\/p><\/div><\/div>\t\t\t\t<\/div>\n\t\t\t\t<\/div>\n\t\t\t\t\t<\/div>\n\t\t<\/div>\n\t\t\t\t<div class=\"elementor-column elementor-col-33 elementor-inner-column elementor-element elementor-element-2bd51810 elementor-invisible\" data-id=\"2bd51810\" data-element_type=\"column\" data-settings=\"{&quot;background_background&quot;:&quot;classic&quot;,&quot;animation&quot;:&quot;fadeInUp&quot;,&quot;animation_delay&quot;:600}\">\n\t\t\t<div class=\"elementor-widget-wrap elementor-element-populated\">\n\t\t\t\t\t\t<div class=\"elementor-element elementor-element-63c5bbd elementor-position-top elementor-widget elementor-widget-image-box\" data-id=\"63c5bbd\" data-element_type=\"widget\" data-widget_type=\"image-box.default\">\n\t\t\t\t<div class=\"elementor-widget-container\">\n\t\t\t\t\t<div class=\"elementor-image-box-wrapper\"><figure class=\"elementor-image-box-img\"><img decoding=\"async\" src=\"https:\/\/cividesk.com\/wp-content\/uploads\/elementor\/thumbs\/presentation-qih7f2nxkrbkdb9j6iysvqjmwsbcw6ha64yr4ls5j4.png\" title=\"pr\u00e9sentation.png\" alt=\"presentation.png\" loading=\"lazy\" \/><\/figure><div class=\"elementor-image-box-content\"><h4 class=\"elementor-image-box-title\">Formation utilisateurs<\/h4><p class=\"elementor-image-box-description\">Nous examinons votre syst\u00e8me pour nous assurer qu&#039;il r\u00e9pond \u00e0 vos attentes, nous \u00e9laborons un plan de formation personnalis\u00e9 et formons vos utilisateurs afin qu&#039;ils puissent apprendre les meilleures pratiques de CiviCRM.<\/p><\/div><\/div>\t\t\t\t<\/div>\n\t\t\t\t<\/div>\n\t\t\t\t\t<\/div>\n\t\t<\/div>\n\t\t\t\t\t<\/div>\n\t\t<\/section>\n\t\t\t\t\t<\/div>\n\t\t<\/div>\n\t\t\t\t\t<\/div>\n\t\t<\/section>\n\t\t\t\t<\/div>","protected":false},"excerpt":{"rendered":"<p>Mise en \u0153uvre de CiviCRM Vous faites \u00e9quipe avec un chef de projet exp\u00e9riment\u00e9 qui fournit des conseils d&#039;experts tout au long du processus. Conseil initial Nous discutons des besoins de votre organisation \u00e0 but non lucratif, nous passons du temps \u00e0 conna\u00eetre votre organisation, ce que vous faites, comment vous travaillez. Nous effectuons une \u00e9valuation compl\u00e8te de vos op\u00e9rations quotidiennes, de vos flux de travail et de vos objectifs en utilisant une analyse approfondie [\u2026]<\/p>","protected":false},"author":2,"featured_media":0,"parent":0,"menu_order":0,"comment_status":"closed","ping_status":"closed","template":"","meta":{"footnotes":""},"class_list":["post-965","page","type-page","status-publish","hentry"],"_links":{"self":[{"href":"https:\/\/cividesk.com\/fr\/wp-json\/wp\/v2\/pages\/965","targetHints":{"allow":["GET"]}}],"collection":[{"href":"https:\/\/cividesk.com\/fr\/wp-json\/wp\/v2\/pages"}],"about":[{"href":"https:\/\/cividesk.com\/fr\/wp-json\/wp\/v2\/types\/page"}],"author":[{"embeddable":true,"href":"https:\/\/cividesk.com\/fr\/wp-json\/wp\/v2\/users\/2"}],"replies":[{"embeddable":true,"href":"https:\/\/cividesk.com\/fr\/wp-json\/wp\/v2\/comments?post=965"}],"version-history":[{"count":86,"href":"https:\/\/cividesk.com\/fr\/wp-json\/wp\/v2\/pages\/965\/revisions"}],"predecessor-version":[{"id":1500,"href":"https:\/\/cividesk.com\/fr\/wp-json\/wp\/v2\/pages\/965\/revisions\/1500"}],"wp:attachment":[{"href":"https:\/\/cividesk.com\/fr\/wp-json\/wp\/v2\/media?parent=965"}],"curies":[{"name":"wp","href":"https:\/\/api.w.org\/{rel}","templated":true}]}}